{"id":1293,"date":"2020-09-29T14:26:51","date_gmt":"2020-09-29T09:26:51","guid":{"rendered":"https:\/\/milknroll.com\/news-and-articles\/"},"modified":"2021-03-06T19:28:10","modified_gmt":"2021-03-06T14:28:10","slug":"makale-haberler","status":"publish","type":"page","link":"https:\/\/milknroll.com\/tr\/makale-haberler\/","title":{"rendered":"Makale ve Haberler"},"content":{"rendered":"<h3 style=\"text-align: justify;\"><span style=\"font-size: 12pt;\">Buza\u011f\u0131 Y\u00f6netimi Makaleleri<\/span><\/h3>\n<p style=\"text-align: justify;\">Buza\u011f\u0131 y\u00f6netimi makaleleri, buza\u011f\u0131 yeti\u015ftirme konusunda; ticari olmayan ve tarafs\u0131z bilgi kayna\u011f\u0131n\u0131zd\u0131r.<\/p>\n<p style=\"text-align: justify;\">Makalelerde yer alan bilgiler ara\u015ft\u0131rmaya (yay\u0131nlanm\u0131\u015f ve yay\u0131nlanmam\u0131\u015f), g\u00f6zlemlere, anekdot raporlar\u0131na, deneyimli buza\u011f\u0131 yeti\u015ftiricilerinin yorumlar\u0131na ve di\u011fer kaynaklara dayanmaktad\u0131r.<\/p>\n<p style=\"text-align: justify;\">Milk&#8217;n&#8217;Roll, buza\u011f\u0131 y\u00f6netimi bilgilerinin tek kayna\u011f\u0131 olarak g\u00f6r\u00fclmemelidir. Her zaman oldu\u011fu gibi, buza\u011f\u0131 yeti\u015ftiricileri, i\u015fletmeleri i\u00e7in en uygun buza\u011f\u0131 y\u00f6netim program\u0131n\u0131 geli\u015ftirmek i\u00e7in veteriner hekimleri ve beslenme uzmanlar\u0131yla yak\u0131n bir \u015fekilde \u00e7al\u0131\u015fmal\u0131d\u0131r.<\/p>\n<h3 style=\"text-align: justify;\"><span style=\"font-size: 12pt;\">Haberler<\/span><\/h3>\n<p style=\"text-align: justify;\">Haberler b\u00f6l\u00fcm\u00fcnde Milk&#8217;n&#8217;Roll ailesinden en yeni haberlere ve m\u00fc\u015fteri deneyimlerine ula\u015fabilirsiniz.<\/p>\n<p>&nbsp;<\/p>\n","protected":false},"excerpt":{"rendered":"<p>Buza\u011f\u0131 Y\u00f6netimi Makaleleri Buza\u011f\u0131 y\u00f6netimi makaleleri, buza\u011f\u0131 yeti\u015ftirme konusunda; ticari olmayan ve tarafs\u0131z bilgi kayna\u011f\u0131n\u0131zd\u0131r. Makalelerde yer alan bilgiler ara\u015ft\u0131rmaya (yay\u0131nlanm\u0131\u015f ve yay\u0131nlanmam\u0131\u015f), g\u00f6zlemlere, anekdot raporlar\u0131na, deneyimli buza\u011f\u0131 yeti\u015ftiricilerinin yorumlar\u0131na ve di\u011fer kaynaklara dayanmaktad\u0131r. Milk&#8217;n&#8217;Roll, buza\u011f\u0131 y\u00f6netimi bilgilerinin tek kayna\u011f\u0131 olarak g\u00f6r\u00fclmemelidir. Her zaman oldu\u011fu gibi, buza\u011f\u0131 yeti\u015ftiricileri, i\u015fletmeleri i\u00e7in en uygun buza\u011f\u0131 y\u00f6netim program\u0131n\u0131 [&hellip;]<\/p>\n","protected":false},"author":1,"featured_media":0,"parent":0,"menu_order":0,"comment_status":"closed","ping_status":"closed","template":"template-blog.php","meta":{"footnotes":""},"class_list":["post-1293","page","type-page","status-publish","hentry"],"yoast_head":"<!-- This site is optimized with the Yoast SEO plugin v24.3 - https:\/\/yoast.com\/wordpress\/plugins\/seo\/ -->\n<title>Buza\u011f\u0131 Y\u00f6netimi Makale ve Haberler - MilknRoll<\/title>\n<meta name=\"description\" content=\"Buza\u011f\u0131 y\u00f6netimi makaleleri, buza\u011f\u0131 yeti\u015ftirme konusunda; ticari olmayan ve tarafs\u0131z bilgi kayna\u011f\u0131n\u0131zd\u0131r.\" \/>\n<meta name=\"robots\" content=\"index, follow, max-snippet:-1, max-image-preview:large, max-video-preview:-1\" \/>\n<link rel=\"canonical\" href=\"https:\/\/milknroll.com\/news-and-articles\/\" \/>\n<meta property=\"og:locale\" content=\"tr_TR\" \/>\n<meta property=\"og:type\" content=\"article\" \/>\n<meta property=\"og:title\" content=\"Buza\u011f\u0131 Y\u00f6netimi Makale ve Haberler - MilknRoll\" \/>\n<meta property=\"og:description\" content=\"Buza\u011f\u0131 y\u00f6netimi makaleleri, buza\u011f\u0131 yeti\u015ftirme konusunda; ticari olmayan ve tarafs\u0131z bilgi kayna\u011f\u0131n\u0131zd\u0131r.\" \/>\n<meta property=\"og:url\" content=\"https:\/\/milknroll.com\/news-and-articles\/\" \/>\n<meta property=\"og:site_name\" content=\"MilknRoll\" \/>\n<meta property=\"article:publisher\" content=\"https:\/\/www.facebook.com\/RollMilkn\" \/>\n<meta property=\"article:modified_time\" content=\"2021-03-06T14:28:10+00:00\" \/>\n<meta property=\"og:image\" content=\"https:\/\/milknroll.com\/wp-content\/uploads\/YoastDefaultpostImage.jpg\" \/>\n\t<meta property=\"og:image:width\" content=\"1200\" \/>\n\t<meta property=\"og:image:height\" content=\"675\" \/>\n\t<meta property=\"og:image:type\" content=\"image\/jpeg\" \/>\n<meta name=\"twitter:card\" content=\"summary_large_image\" \/>\n<meta name=\"twitter:label1\" content=\"Tahmini okuma s\u00fcresi\" \/>\n\t<meta name=\"twitter:data1\" content=\"1 dakika\" \/>\n<script type=\"application\/ld+json\" class=\"yoast-schema-graph\">{\"@context\":\"https:\/\/schema.org\",\"@graph\":[{\"@type\":\"WebPage\",\"@id\":\"https:\/\/milknroll.com\/news-and-articles\/\",\"url\":\"https:\/\/milknroll.com\/news-and-articles\/\",\"name\":\"Buza\u011f\u0131 Y\u00f6netimi Makale ve Haberler - MilknRoll\",\"isPartOf\":{\"@id\":\"https:\/\/milknroll.com\/#website\"},\"datePublished\":\"2020-09-29T09:26:51+00:00\",\"dateModified\":\"2021-03-06T14:28:10+00:00\",\"description\":\"Buza\u011f\u0131 y\u00f6netimi makaleleri, buza\u011f\u0131 yeti\u015ftirme konusunda; ticari olmayan ve tarafs\u0131z bilgi kayna\u011f\u0131n\u0131zd\u0131r.\",\"breadcrumb\":{\"@id\":\"https:\/\/milknroll.com\/news-and-articles\/#breadcrumb\"},\"inLanguage\":\"tr\",\"potentialAction\":[{\"@type\":\"ReadAction\",\"target\":[\"https:\/\/milknroll.com\/news-and-articles\/\"]}]},{\"@type\":\"BreadcrumbList\",\"@id\":\"https:\/\/milknroll.com\/news-and-articles\/#breadcrumb\",\"itemListElement\":[{\"@type\":\"ListItem\",\"position\":1,\"name\":\"Home\",\"item\":\"https:\/\/milknroll.com\/tr\/\"},{\"@type\":\"ListItem\",\"position\":2,\"name\":\"Makale ve Haberler\"}]},{\"@type\":\"WebSite\",\"@id\":\"https:\/\/milknroll.com\/#website\",\"url\":\"https:\/\/milknroll.com\/\",\"name\":\"MilknRoll\",\"description\":\"Calf Feeding Solutions\",\"publisher\":{\"@id\":\"https:\/\/milknroll.com\/#organization\"},\"potentialAction\":[{\"@type\":\"SearchAction\",\"target\":{\"@type\":\"EntryPoint\",\"urlTemplate\":\"https:\/\/milknroll.com\/?s={search_term_string}\"},\"query-input\":{\"@type\":\"PropertyValueSpecification\",\"valueRequired\":true,\"valueName\":\"search_term_string\"}}],\"inLanguage\":\"tr\"},{\"@type\":\"Organization\",\"@id\":\"https:\/\/milknroll.com\/#organization\",\"name\":\"MilknRoll - Calf Feeding Solutions\",\"url\":\"https:\/\/milknroll.com\/\",\"logo\":{\"@type\":\"ImageObject\",\"inLanguage\":\"tr\",\"@id\":\"https:\/\/milknroll.com\/#\/schema\/logo\/image\/\",\"url\":\"https:\/\/milknroll.com\/wp-content\/uploads\/YoastDefaultLogo.jpg\",\"contentUrl\":\"https:\/\/milknroll.com\/wp-content\/uploads\/YoastDefaultLogo.jpg\",\"width\":696,\"height\":696,\"caption\":\"MilknRoll - Calf Feeding Solutions\"},\"image\":{\"@id\":\"https:\/\/milknroll.com\/#\/schema\/logo\/image\/\"},\"sameAs\":[\"https:\/\/www.facebook.com\/RollMilkn\",\"https:\/\/www.instagram.com\/milknroll_calffeeder\/\"]}]}<\/script>\n<!-- \/ Yoast SEO plugin. -->","yoast_head_json":{"title":"Buza\u011f\u0131 Y\u00f6netimi Makale ve Haberler - MilknRoll","description":"Buza\u011f\u0131 y\u00f6netimi makaleleri, buza\u011f\u0131 yeti\u015ftirme konusunda; ticari olmayan ve tarafs\u0131z bilgi kayna\u011f\u0131n\u0131zd\u0131r.","robots":{"index":"index","follow":"follow","max-snippet":"max-snippet:-1","max-image-preview":"max-image-preview:large","max-video-preview":"max-video-preview:-1"},"canonical":"https:\/\/milknroll.com\/news-and-articles\/","og_locale":"tr_TR","og_type":"article","og_title":"Buza\u011f\u0131 Y\u00f6netimi Makale ve Haberler - MilknRoll","og_description":"Buza\u011f\u0131 y\u00f6netimi makaleleri, buza\u011f\u0131 yeti\u015ftirme konusunda; ticari olmayan ve tarafs\u0131z bilgi kayna\u011f\u0131n\u0131zd\u0131r.","og_url":"https:\/\/milknroll.com\/news-and-articles\/","og_site_name":"MilknRoll","article_publisher":"https:\/\/www.facebook.com\/RollMilkn","article_modified_time":"2021-03-06T14:28:10+00:00","og_image":[{"width":1200,"height":675,"url":"https:\/\/milknroll.com\/wp-content\/uploads\/YoastDefaultpostImage.jpg","type":"image\/jpeg"}],"twitter_card":"summary_large_image","twitter_misc":{"Tahmini okuma s\u00fcresi":"1 dakika"},"schema":{"@context":"https:\/\/schema.org","@graph":[{"@type":"WebPage","@id":"https:\/\/milknroll.com\/news-and-articles\/","url":"https:\/\/milknroll.com\/news-and-articles\/","name":"Buza\u011f\u0131 Y\u00f6netimi Makale ve Haberler - MilknRoll","isPartOf":{"@id":"https:\/\/milknroll.com\/#website"},"datePublished":"2020-09-29T09:26:51+00:00","dateModified":"2021-03-06T14:28:10+00:00","description":"Buza\u011f\u0131 y\u00f6netimi makaleleri, buza\u011f\u0131 yeti\u015ftirme konusunda; ticari olmayan ve tarafs\u0131z bilgi kayna\u011f\u0131n\u0131zd\u0131r.","breadcrumb":{"@id":"https:\/\/milknroll.com\/news-and-articles\/#breadcrumb"},"inLanguage":"tr","potentialAction":[{"@type":"ReadAction","target":["https:\/\/milknroll.com\/news-and-articles\/"]}]},{"@type":"BreadcrumbList","@id":"https:\/\/milknroll.com\/news-and-articles\/#breadcrumb","itemListElement":[{"@type":"ListItem","position":1,"name":"Home","item":"https:\/\/milknroll.com\/tr\/"},{"@type":"ListItem","position":2,"name":"Makale ve Haberler"}]},{"@type":"WebSite","@id":"https:\/\/milknroll.com\/#website","url":"https:\/\/milknroll.com\/","name":"MilknRoll","description":"Calf Feeding Solutions","publisher":{"@id":"https:\/\/milknroll.com\/#organization"},"potentialAction":[{"@type":"SearchAction","target":{"@type":"EntryPoint","urlTemplate":"https:\/\/milknroll.com\/?s={search_term_string}"},"query-input":{"@type":"PropertyValueSpecification","valueRequired":true,"valueName":"search_term_string"}}],"inLanguage":"tr"},{"@type":"Organization","@id":"https:\/\/milknroll.com\/#organization","name":"MilknRoll - Calf Feeding Solutions","url":"https:\/\/milknroll.com\/","logo":{"@type":"ImageObject","inLanguage":"tr","@id":"https:\/\/milknroll.com\/#\/schema\/logo\/image\/","url":"https:\/\/milknroll.com\/wp-content\/uploads\/YoastDefaultLogo.jpg","contentUrl":"https:\/\/milknroll.com\/wp-content\/uploads\/YoastDefaultLogo.jpg","width":696,"height":696,"caption":"MilknRoll - Calf Feeding Solutions"},"image":{"@id":"https:\/\/milknroll.com\/#\/schema\/logo\/image\/"},"sameAs":["https:\/\/www.facebook.com\/RollMilkn","https:\/\/www.instagram.com\/milknroll_calffeeder\/"]}]}},"_links":{"self":[{"href":"https:\/\/milknroll.com\/tr\/wp-json\/wp\/v2\/pages\/1293","targetHints":{"allow":["GET"]}}],"collection":[{"href":"https:\/\/milknroll.com\/tr\/wp-json\/wp\/v2\/pages"}],"about":[{"href":"https:\/\/milknroll.com\/tr\/wp-json\/wp\/v2\/types\/page"}],"author":[{"embeddable":true,"href":"https:\/\/milknroll.com\/tr\/wp-json\/wp\/v2\/users\/1"}],"replies":[{"embeddable":true,"href":"https:\/\/milknroll.com\/tr\/wp-json\/wp\/v2\/comments?post=1293"}],"version-history":[{"count":0,"href":"https:\/\/milknroll.com\/tr\/wp-json\/wp\/v2\/pages\/1293\/revisions"}],"wp:attachment":[{"href":"https:\/\/milknroll.com\/tr\/wp-json\/wp\/v2\/media?parent=1293"}],"curies":[{"name":"wp","href":"https:\/\/api.w.org\/{rel}","templated":true}]}}